{"id":6,"date":"2024-09-12T10:28:52","date_gmt":"2024-09-12T08:28:52","guid":{"rendered":"https:\/\/ster.bzh\/?page_id=6"},"modified":"2025-09-15T17:57:18","modified_gmt":"2025-09-15T15:57:18","slug":"accueil","status":"publish","type":"page","link":"https:\/\/www.ster.bzh\/","title":{"rendered":"Pr\u00e9sentation"},"content":{"rendered":"\n<h2 class=\"wp-block-heading\"><strong>STER au coeur des initiatives culturelles coop\u00e9ratives sur Vannes et son agglo !<\/strong><\/h2>\n\n\n\n<p>En 2023, port\u00e9s par leur envie commune de proposer une offre compl\u00e9mentaire sur le territoire de Vannes et son agglom\u00e9ration et encourag\u00e9s par les Assises de la Culture organis\u00e9es par la Ville de Vannes, plusieurs acteurs et actrices de la vie culturelle du pays de Vannes ont travaill\u00e9 ensemble pour proposer sur l\u2019\u00e9t\u00e9 2023 un nouveau rendez-vous culturel populaire r\u00e9gulier : les Nuits entoil\u00e9es, Estivales de Cin\u00e9ma en plein air.<\/p>\n\n\n\n<p>Le collectif constitu\u00e9 rassemble toutes formes de structures (association, tiers-lieu, festival, centre social, sc\u00e8ne de musiques actuelles, soci\u00e9t\u00e9 de production de films, collectivit\u00e9s, etc.), qui portent une pluralit\u00e9 d&rsquo;expressions comme le cin\u00e9ma, la musique, les arts plastiques ou encore les arts vivants.&nbsp;<\/p>\n\n\n\n<p>Cin\u00e9cran, Le Hangar de Vannes, La P\u2019Art Belle, Les Artisans Filmeurs Associ\u00e9s, B.R.E.F, La Villa Gregam, L\u2019\u00c9chonova, Swello, La Vingt-Cinqui\u00e8me Heure et le Centre Socioculturel les vallons de Kercado ont souhait\u00e9 renforcer leurs liens et rendre durable leur action commune en fondant une association. L\u2019association STER s&rsquo;est constitu\u00e9e le 18 juillet 2023. A sa cr\u00e9ation, elle s&rsquo;est fix\u00e9e pour objectifs :<\/p>\n\n\n\n<p>\u2022 De f\u00e9d\u00e9rer les acteurs de la vie culturelle implant\u00e9s sur le territoire de Vannes et son agglom\u00e9ration.<\/p>\n\n\n\n<p>\u2022 D\u2019\u00eatre un espace d\u2019information, de coop\u00e9ration et de mutualisation de moyens et comp\u00e9tences entre les diff\u00e9rents membres du r\u00e9seau et les acteurs des structures agissant dans le champ culturel et artistique du territoire,<\/p>\n\n\n\n<p>\u2022 D\u2019\u00eatre un outil de r\u00e9flexion, d&rsquo;action et de co-construction des politiques publiques culturelles locales,<\/p>\n\n\n\n<p>\u2022 De r\u00e9aliser tous types d\u2019actions pouvant directement ou indirectement contribuer au d\u00e9veloppement du r\u00e9seau et \u00e0 la vie culturelle du territoire.<\/p>\n\n\n\n<p>En ce sens, elle s&rsquo;est donn\u00e9e pour mission une meilleure connaissance entre les acteurs \u0153uvrant dans le champ culturel sur le territoire de Vannes et son agglom\u00e9ration, la circulation et le d\u00e9veloppement des publics, ou encore la sensibilisation \u00e0 l\u2019offre culturelle de ses membres, par des actions communes de communication, de production d\u2019\u00e9v\u00e9nements.<\/p>\n","protected":false},"excerpt":{"rendered":"<p>STER au coeur des initiatives culturelles coop\u00e9ratives sur Vannes et son agglo ! En 2023, port\u00e9s par leur envie commune de proposer une offre compl\u00e9mentaire sur le territoire de Vannes et son agglom\u00e9ration et encourag\u00e9s par les Assises de la Culture organis\u00e9es par la Ville de Vannes, plusieurs acteurs et actrices de la vie culturelle [&hellip;]<\/p>\n","protected":false},"author":1,"featured_media":15,"parent":0,"menu_order":0,"comment_status":"closed","ping_status":"closed","template":"","meta":{"footnotes":""},"class_list":["post-6","page","type-page","status-publish","has-post-thumbnail","hentry"],"_links":{"self":[{"href":"https:\/\/www.ster.bzh\/index.php?rest_route=\/wp\/v2\/pages\/6","targetHints":{"allow":["GET"]}}],"collection":[{"href":"https:\/\/www.ster.bzh\/index.php?rest_route=\/wp\/v2\/pages"}],"about":[{"href":"https:\/\/www.ster.bzh\/index.php?rest_route=\/wp\/v2\/types\/page"}],"author":[{"embeddable":true,"href":"https:\/\/www.ster.bzh\/index.php?rest_route=\/wp\/v2\/users\/1"}],"replies":[{"embeddable":true,"href":"https:\/\/www.ster.bzh\/index.php?rest_route=%2Fwp%2Fv2%2Fcomments&post=6"}],"version-history":[{"count":7,"href":"https:\/\/www.ster.bzh\/index.php?rest_route=\/wp\/v2\/pages\/6\/revisions"}],"predecessor-version":[{"id":27,"href":"https:\/\/www.ster.bzh\/index.php?rest_route=\/wp\/v2\/pages\/6\/revisions\/27"}],"wp:featuredmedia":[{"embeddable":true,"href":"https:\/\/www.ster.bzh\/index.php?rest_route=\/wp\/v2\/media\/15"}],"wp:attachment":[{"href":"https:\/\/www.ster.bzh\/index.php?rest_route=%2Fwp%2Fv2%2Fmedia&parent=6"}],"curies":[{"name":"wp","href":"https:\/\/api.w.org\/{rel}","templated":true}]}}