{"id":21,"date":"2024-09-12T11:35:58","date_gmt":"2024-09-12T09:35:58","guid":{"rendered":"https:\/\/www.ster.bzh\/?page_id=21"},"modified":"2025-05-16T18:11:11","modified_gmt":"2025-05-16T16:11:11","slug":"a-propos","status":"publish","type":"page","link":"https:\/\/www.ster.bzh\/?page_id=21","title":{"rendered":"A propos"},"content":{"rendered":"\n<figure class=\"wp-block-image aligncenter size-full\"><img loading=\"lazy\" decoding=\"async\" width=\"542\" height=\"393\" src=\"http:\/\/www.ster.bzh\/wp-content\/uploads\/2024\/09\/Capture-decran-2024-09-12-a-10.33.03.png\" alt=\"\" class=\"wp-image-9\" srcset=\"https:\/\/www.ster.bzh\/wp-content\/uploads\/2024\/09\/Capture-decran-2024-09-12-a-10.33.03.png 542w, https:\/\/www.ster.bzh\/wp-content\/uploads\/2024\/09\/Capture-decran-2024-09-12-a-10.33.03-300x218.png 300w\" sizes=\"auto, (max-width: 542px) 100vw, 542px\" \/><\/figure>\n\n\n\n<p>Cin\u00e9cran, le Hangar de Vannes, La P\u2019art belle, Les artisans filmeurs associ\u00e9s, B.R.E.F, la Villa Gregam, L\u2019\u00c9chonova, Swello, la Vingt-cinqui\u00e8me heure et le centre socioculturel de Kercado, ces dix acteurs du monde culturel se sont r\u00e9unis en 2023 pour cr\u00e9er un nouvel \u00e9v\u00e9nement : Les Nuits entoil\u00e9es. Ce festival de cin\u00e9ma en plein air propose des projections durant l\u2019\u00e9t\u00e9, dans des lieux diff\u00e9rents sur Vannes et son agglom\u00e9ration. C\u2019est un projet un peu atypique puisqu\u2019il r\u00e9unit diff\u00e9rentes sortes de structures qui n\u2019\u00e9voluent pas dans le m\u00eame domaine. Nous partageons le d\u00e9sir de cr\u00e9er quelque chose de nouveau sur le plan culturel. Les films projet\u00e9s seront en lien avec la ligne artistique de l\u2019organisateur de la soir\u00e9e (cin\u00e9ma, musique, arts plastiques, arts vivants).<\/p>\n\n\n\n<p><\/p>\n","protected":false},"excerpt":{"rendered":"<p>Cin\u00e9cran, le Hangar de Vannes, La P\u2019art belle, Les artisans filmeurs associ\u00e9s, B.R.E.F, la Villa Gregam, L\u2019\u00c9chonova, Swello, la Vingt-cinqui\u00e8me heure et le centre socioculturel de Kercado, ces dix acteurs du monde culturel se sont r\u00e9unis en 2023 pour cr\u00e9er un nouvel \u00e9v\u00e9nement : Les Nuits entoil\u00e9es. Ce festival de cin\u00e9ma en plein air propose [&hellip;]<\/p>\n","protected":false},"author":1,"featured_media":0,"parent":0,"menu_order":0,"comment_status":"closed","ping_status":"closed","template":"","meta":{"footnotes":""},"class_list":["post-21","page","type-page","status-publish","hentry"],"_links":{"self":[{"href":"https:\/\/www.ster.bzh\/index.php?rest_route=\/wp\/v2\/pages\/21","targetHints":{"allow":["GET"]}}],"collection":[{"href":"https:\/\/www.ster.bzh\/index.php?rest_route=\/wp\/v2\/pages"}],"about":[{"href":"https:\/\/www.ster.bzh\/index.php?rest_route=\/wp\/v2\/types\/page"}],"author":[{"embeddable":true,"href":"https:\/\/www.ster.bzh\/index.php?rest_route=\/wp\/v2\/users\/1"}],"replies":[{"embeddable":true,"href":"https:\/\/www.ster.bzh\/index.php?rest_route=%2Fwp%2Fv2%2Fcomments&post=21"}],"version-history":[{"count":3,"href":"https:\/\/www.ster.bzh\/index.php?rest_route=\/wp\/v2\/pages\/21\/revisions"}],"predecessor-version":[{"id":60,"href":"https:\/\/www.ster.bzh\/index.php?rest_route=\/wp\/v2\/pages\/21\/revisions\/60"}],"wp:attachment":[{"href":"https:\/\/www.ster.bzh\/index.php?rest_route=%2Fwp%2Fv2%2Fmedia&parent=21"}],"curies":[{"name":"wp","href":"https:\/\/api.w.org\/{rel}","templated":true}]}}