{"id":105,"date":"2025-06-30T17:53:44","date_gmt":"2025-06-30T15:53:44","guid":{"rendered":"https:\/\/www.ster.bzh\/?page_id=105"},"modified":"2025-06-30T21:37:40","modified_gmt":"2025-06-30T19:37:40","slug":"les-nuits-entoilees","status":"publish","type":"page","link":"https:\/\/www.ster.bzh\/?page_id=105","title":{"rendered":"Les nuits entoil\u00e9es"},"content":{"rendered":"\n<p>Les nuits entoil\u00e9es, ce sont des estivales de cin\u00e9ma en plein air propos\u00e9es sur Vannes et son agglom\u00e9ration. Cet \u00e9t\u00e9, <strong>Ster<\/strong> porte deux dates dans des lieux de patrimoines de l&rsquo;agglom\u00e9ration.<\/p>\n\n\n\n<p>Pour cette \u00e9dition, c&rsquo;est <strong>Selle \u00e0 Watt<\/strong> qui installe son \u00e9cran avec un dispositif tout trouv\u00e9 pour la c\u00e9l\u00e9bration du tour de France : pour voir le film il faut que le public p\u00e9dale ! Une proposition originale pour sensibiliser les cin\u00e9philes au d\u00e9veloppement durable et aux \u00e9conomies d&rsquo;\u00e9nergies.<\/p>\n\n\n\n<p>Pour celles et ceux qui ne p\u00e9dalent pas, des transats seront \u00e0 votre disposition. Pensez \u00e0 votre plaid ou autre couverture, voir \u00e0 votre protection anti-moustique pr\u00e9f\u00e9r\u00e9 ! <\/p>\n\n\n\n<div style=\"height:100px\" aria-hidden=\"true\" class=\"wp-block-spacer\"><\/div>\n\n\n\n<div class=\"wp-block-group alignfull is-style-section-1 has-global-padding is-layout-constrained wp-container-core-group-is-layout-cdf985e3 wp-block-group-is-layout-constrained is-style-section-1--1\" style=\"min-height:100vh;margin-top:0;margin-bottom:0;padding-top:var(--wp--preset--spacing--80);padding-right:var(--wp--preset--spacing--80);padding-bottom:var(--wp--preset--spacing--80);padding-left:var(--wp--preset--spacing--80)\">\n<div class=\"wp-block-columns alignwide are-vertically-aligned-center is-layout-flex wp-container-core-columns-is-layout-643ced6b wp-block-columns-is-layout-flex\">\n<div class=\"wp-block-column is-vertically-aligned-center is-layout-flow wp-block-column-is-layout-flow\">\n<figure class=\"wp-block-image aligncenter size-full has-custom-border\"><img loading=\"lazy\" decoding=\"async\" width=\"800\" height=\"1200\" src=\"http:\/\/www.ster.bzh\/wp-content\/uploads\/2025\/06\/68.jpg\" alt=\"\" class=\"wp-image-118\" style=\"border-radius:19px;object-fit:cover\" srcset=\"https:\/\/www.ster.bzh\/wp-content\/uploads\/2025\/06\/68.jpg 800w, https:\/\/www.ster.bzh\/wp-content\/uploads\/2025\/06\/68-200x300.jpg 200w, https:\/\/www.ster.bzh\/wp-content\/uploads\/2025\/06\/68-683x1024.jpg 683w, https:\/\/www.ster.bzh\/wp-content\/uploads\/2025\/06\/68-768x1152.jpg 768w\" sizes=\"auto, (max-width: 800px) 100vw, 800px\" \/><\/figure>\n<\/div>\n\n\n\n<div class=\"wp-block-column is-vertically-aligned-center is-layout-flow wp-block-column-is-layout-flow\">\n<div class=\"wp-block-group is-vertical is-content-justification-stretch is-layout-flex wp-container-core-group-is-layout-353c4f5a wp-block-group-is-layout-flex\">\n<h2 class=\"wp-block-heading has-text-align-left\"><strong>15 juillet, 21h30 jardin de Limur, Vannes<\/strong><\/h2>\n\n\n\n<p class=\"has-text-align-left has-medium-font-size\">U<em>n film de Val\u00e9ry Rosier et M\u00e9ryl Fortunat-Rossi, 70min, VF, 2018<\/em><\/p>\n\n\n\n<p class=\"has-medium-font-size\">Des Ardennes au col d\u2019Izoard, le long des d\u00e9partementales et sur les sentiers escarp\u00e9s, les camping-cars s\u2019installent bien en amont du passage du peloton pour \u00eatre aux premi\u00e8res loges le jour de l\u2019\u00e9tape. C\u2019est l\u2019\u00e9t\u00e9, on se r\u00e9unit, on se d\u00e9tend.<\/p>\n\n\n\n<div class=\"wp-block-buttons is-layout-flex wp-block-buttons-is-layout-flex\">\n<div class=\"wp-block-button\"><a class=\"wp-block-button__link wp-element-button\" href=\"https:\/\/www.youtube.com\/watch?v=IHfyQwyF9hI\">Regarder le Teaser<\/a><\/div>\n<\/div>\n<\/div>\n<\/div>\n<\/div>\n<\/div>\n\n\n\n<p><\/p>\n\n\n\n<div class=\"wp-block-group alignfull is-style-section-1 has-global-padding is-layout-constrained wp-container-core-group-is-layout-cdf985e3 wp-block-group-is-layout-constrained is-style-section-1--2\" style=\"min-height:100vh;margin-top:0;margin-bottom:0;padding-top:var(--wp--preset--spacing--80);padding-right:var(--wp--preset--spacing--80);padding-bottom:var(--wp--preset--spacing--80);padding-left:var(--wp--preset--spacing--80)\">\n<div class=\"wp-block-columns alignwide are-vertically-aligned-center is-layout-flex wp-container-core-columns-is-layout-643ced6b wp-block-columns-is-layout-flex\">\n<div class=\"wp-block-column is-vertically-aligned-center is-layout-flow wp-block-column-is-layout-flow\">\n<figure class=\"wp-block-image aligncenter size-full has-custom-border\"><img loading=\"lazy\" decoding=\"async\" width=\"900\" height=\"1291\" src=\"http:\/\/www.ster.bzh\/wp-content\/uploads\/2025\/06\/monty_python_sacre_graal.jpg\" alt=\"\" class=\"wp-image-125\" style=\"border-radius:19px;object-fit:cover\" srcset=\"https:\/\/www.ster.bzh\/wp-content\/uploads\/2025\/06\/monty_python_sacre_graal.jpg 900w, https:\/\/www.ster.bzh\/wp-content\/uploads\/2025\/06\/monty_python_sacre_graal-209x300.jpg 209w, https:\/\/www.ster.bzh\/wp-content\/uploads\/2025\/06\/monty_python_sacre_graal-714x1024.jpg 714w, https:\/\/www.ster.bzh\/wp-content\/uploads\/2025\/06\/monty_python_sacre_graal-768x1102.jpg 768w\" sizes=\"auto, (max-width: 900px) 100vw, 900px\" \/><\/figure>\n<\/div>\n\n\n\n<div class=\"wp-block-column is-vertically-aligned-center is-layout-flow wp-block-column-is-layout-flow\">\n<div class=\"wp-block-group is-vertical is-content-justification-stretch is-layout-flex wp-container-core-group-is-layout-353c4f5a wp-block-group-is-layout-flex\">\n<h2 class=\"wp-block-heading has-text-align-left\"><strong><strong>27 ao\u00fbt, 21h Abbaye de Lanvaux, Brandivy<\/strong><\/strong><\/h2>\n\n\n\n<p class=\"has-text-align-left has-medium-font-size\"><em>Un film de Terry Guilliam et Terry Jones, 91 min, VOSTFR, <\/em>1975<\/p>\n\n\n\n<p class=\"has-medium-font-size\">Le roi Arthur et les Chevaliers de la Table Ronde se lancent \u00e0 la conqu\u00eate du Graal, chevauchant de fant\u00f4matiques montures dans un bruitage de noix de coco cogn\u00e9es. La petite troupe va devoir passer mille \u00e9preuves, dont un chevalier \u00e0 trois t\u00eates, des jouvencelles en chaleur, voire m\u00eame un terrible lapin tueur.<\/p>\n\n\n\n<div class=\"wp-block-buttons is-layout-flex wp-block-buttons-is-layout-flex\">\n<div class=\"wp-block-button\"><a class=\"wp-block-button__link wp-element-button\" href=\"https:\/\/www.youtube.com\/watch?v=ui3-NDLJt3I\">Regarder le Teaser<\/a><\/div>\n<\/div>\n<\/div>\n<\/div>\n<\/div>\n<\/div>\n\n\n\n<p><\/p>\n","protected":false},"excerpt":{"rendered":"<p>Les nuits entoil\u00e9es, ce sont des estivales de cin\u00e9ma en plein air propos\u00e9es sur Vannes et son agglom\u00e9ration. Cet \u00e9t\u00e9, Ster porte deux dates dans des lieux de patrimoines de l&rsquo;agglom\u00e9ration. Pour cette \u00e9dition, c&rsquo;est Selle \u00e0 Watt qui installe son \u00e9cran avec un dispositif tout trouv\u00e9 pour la c\u00e9l\u00e9bration du tour de France : [&hellip;]<\/p>\n","protected":false},"author":1,"featured_media":106,"parent":0,"menu_order":0,"comment_status":"closed","ping_status":"closed","template":"","meta":{"footnotes":""},"class_list":["post-105","page","type-page","status-publish","has-post-thumbnail","hentry"],"_links":{"self":[{"href":"https:\/\/www.ster.bzh\/index.php?rest_route=\/wp\/v2\/pages\/105","targetHints":{"allow":["GET"]}}],"collection":[{"href":"https:\/\/www.ster.bzh\/index.php?rest_route=\/wp\/v2\/pages"}],"about":[{"href":"https:\/\/www.ster.bzh\/index.php?rest_route=\/wp\/v2\/types\/page"}],"author":[{"embeddable":true,"href":"https:\/\/www.ster.bzh\/index.php?rest_route=\/wp\/v2\/users\/1"}],"replies":[{"embeddable":true,"href":"https:\/\/www.ster.bzh\/index.php?rest_route=%2Fwp%2Fv2%2Fcomments&post=105"}],"version-history":[{"count":27,"href":"https:\/\/www.ster.bzh\/index.php?rest_route=\/wp\/v2\/pages\/105\/revisions"}],"predecessor-version":[{"id":233,"href":"https:\/\/www.ster.bzh\/index.php?rest_route=\/wp\/v2\/pages\/105\/revisions\/233"}],"wp:featuredmedia":[{"embeddable":true,"href":"https:\/\/www.ster.bzh\/index.php?rest_route=\/wp\/v2\/media\/106"}],"wp:attachment":[{"href":"https:\/\/www.ster.bzh\/index.php?rest_route=%2Fwp%2Fv2%2Fmedia&parent=105"}],"curies":[{"name":"wp","href":"https:\/\/api.w.org\/{rel}","templated":true}]}}